{"id":2367,"date":"2017-06-29T15:23:15","date_gmt":"2017-06-29T13:23:15","guid":{"rendered":"http:\/\/parnass-zermatt.ch.amphora.sui-inter.net\/?page_id=2367\/"},"modified":"2025-03-27T14:42:06","modified_gmt":"2025-03-27T13:42:06","slug":"impressum","status":"publish","type":"page","link":"https:\/\/parnass-zermatt.ch\/fr\/impressum\/","title":{"rendered":"Mentions l\u00e9gales"},"content":{"rendered":"<div id='av_section_1'  class='avia-section av-y0kev3-a49e7465ce14f06c0fa0a84c32bc7286 main_color avia-section-default avia-no-shadow  avia-builder-el-0  avia-builder-el-no-sibling  avia-bg-style-scroll container_wrap sidebar_left'  ><div class='container av-section-cont-open' ><main  role=\"main\" itemprop=\"mainContentOfPage\"  class='template-page content  av-content-small units'><div class='post-entry post-entry-type-page post-entry-2367'><div class='entry-content-wrapper clearfix'>\n\n<style type=\"text\/css\" data-created_by=\"avia_inline_auto\" id=\"style-css-av-wtozlb-55a7484a065ba9673f444dbb9a656ed1\">\n.flex_column.av-wtozlb-55a7484a065ba9673f444dbb9a656ed1{\nborder-radius:0px 0px 0px 0px;\npadding:0px 0px 0px 0px;\n}\n<\/style>\n<div  class='flex_column av-wtozlb-55a7484a065ba9673f444dbb9a656ed1 av_one_full  avia-builder-el-1  el_before_av_one_fourth  avia-builder-el-first  first flex_column_div av-zero-column-padding  '     ><style type=\"text\/css\" data-created_by=\"avia_inline_auto\" id=\"style-css-av-1wh43z-55cdcbba509cd3b8baefaa9dc56a7913\">\n#top .av-special-heading.av-1wh43z-55cdcbba509cd3b8baefaa9dc56a7913{\npadding-bottom:10px;\n}\nbody .av-special-heading.av-1wh43z-55cdcbba509cd3b8baefaa9dc56a7913 .av-special-heading-tag .heading-char{\nfont-size:25px;\n}\n.av-special-heading.av-1wh43z-55cdcbba509cd3b8baefaa9dc56a7913 .av-subheading{\nfont-size:15px;\n}\n<\/style>\n<div  class='av-special-heading av-1wh43z-55cdcbba509cd3b8baefaa9dc56a7913 av-special-heading-h1 blockquote modern-quote  avia-builder-el-2  avia-builder-el-no-sibling '><h1 class='av-special-heading-tag '  itemprop=\"headline\"  >Mentions l\u00e9gales<\/h1><div class=\"special-heading-border\"><div class=\"special-heading-inner-border\"><\/div><\/div><\/div><\/div>\n<style type=\"text\/css\" data-created_by=\"avia_inline_auto\" id=\"style-css-av-sudqkf-8cf347ec2c9ff753106c6e82f1889b54\">\n.flex_column.av-sudqkf-8cf347ec2c9ff753106c6e82f1889b54{\nborder-radius:0px 0px 0px 0px;\npadding:0px 0px 0px 0px;\n}\n<\/style>\n<div  class='flex_column av-sudqkf-8cf347ec2c9ff753106c6e82f1889b54 av_one_fourth  avia-builder-el-3  el_after_av_one_full  el_before_av_three_fourth  first flex_column_div av-zero-column-padding  column-top-margin'     ><section  class='av_textblock_section av-rggjhr-410f1aa91d588cf1c72f8d523f570b0b '   itemscope=\"itemscope\" itemtype=\"https:\/\/schema.org\/CreativeWork\" ><div class='avia_textblock'  itemprop=\"text\" ><p><strong>parnass-zermatt.ch<\/strong><\/p>\n<p>Hotel Parnass<br \/>\nTheresia Noll<br \/>\nVispastrasse 4<br \/>\nCH-3920 Zermatt<br \/>\nSwitzerland<\/p>\n<p><a href=\"mailto:welcome@parnass-zermatt.ch\">welcome@parnass-zermatt.ch<\/a><\/p>\n<\/div><\/section><\/div>\n<style type=\"text\/css\" data-created_by=\"avia_inline_auto\" id=\"style-css-av-prtjj3-699a90992524302ee3600a0b6b2352cc\">\n.flex_column.av-prtjj3-699a90992524302ee3600a0b6b2352cc{\nborder-radius:0px 0px 0px 0px;\npadding:0px 0px 0px 0px;\n}\n<\/style>\n<div  class='flex_column av-prtjj3-699a90992524302ee3600a0b6b2352cc av_three_fourth  avia-builder-el-5  el_after_av_one_fourth  el_before_av_one_full  flex_column_div av-zero-column-padding  column-top-margin'     ><div  class='togglecontainer av-ot21in-eb8ca3b794f604d42af8074eca61bcf6  avia-builder-el-6  avia-builder-el-no-sibling  impressum toggle_close_all' >\n<section class='av_toggle_section av-lslpyn-21f3175c0c9349ee81a4a2f432ac0ae8'  itemscope=\"itemscope\" itemtype=\"https:\/\/schema.org\/CreativeWork\" ><div role=\"tablist\" class=\"single_toggle\" data-tags=\"{Tout} \"  ><p id='toggle-toggle-id-1' data-fake-id='#toggle-id-1' class='toggler  av-title-above '  itemprop=\"headline\"  role='tab' tabindex='0' aria-controls='toggle-id-1' data-slide-speed=\"200\" data-title=\"Limitation de la responsabilit\u00e9\" data-title-open=\"\" data-aria_collapsed=\"Click to expand: Limitation de la responsabilit\u00e9\" data-aria_expanded=\"Click to collapse: Limitation de la responsabilit\u00e9\">Limitation de la responsabilit\u00e9<span class=\"toggle_icon\"><span class=\"vert_icon\"><\/span><span class=\"hor_icon\"><\/span><\/span><\/p><div id='toggle-id-1' aria-labelledby='toggle-toggle-id-1' role='region' class='toggle_wrap  av-title-above'  ><div class='toggle_content invers-color '  itemprop=\"text\" ><p>Le pr\u00e9sent site a \u00e9t\u00e9 con\u00e7u avec le plus grand soin.\u00a0Le propri\u00e9taire de la domaine n\u2019est toutefois pas en mesure de garantir la pr\u00e9cision et la fiabilit\u00e9 des informations fournies par des tiers sur son site.\u00a0Le propri\u00e9taire de la domaine se r\u00e9serve le droit de modifier ou de compl\u00e9ter en tout temps et sans notification pr\u00e9alable les informations mises \u00e0 disposition sur son site. Le propri\u00e9taire de la domaine d\u00e9cline toute responsabilit\u00e9 en cas de dommages en rapport direct ou indirect avec l\u2019acc\u00e8s, l\u2019utilisation ou la consultation du pr\u00e9sent site ou d\u2019informations contenues sur d\u2019autres sites.<\/p>\n<\/div><\/div><\/div><\/section>\n<section class='av_toggle_section av-l8ican-3c26ffbf466df698f488cc28f286cd51'  itemscope=\"itemscope\" itemtype=\"https:\/\/schema.org\/CreativeWork\" ><div role=\"tablist\" class=\"single_toggle\" data-tags=\"{Tout} \"  ><p id='toggle-toggle-id-2' data-fake-id='#toggle-id-2' class='toggler  av-title-above '  itemprop=\"headline\"  role='tab' tabindex='0' aria-controls='toggle-id-2' data-slide-speed=\"200\" data-title=\"Liens et liens hypertextes\" data-title-open=\"\" data-aria_collapsed=\"Click to expand: Liens et liens hypertextes\" data-aria_expanded=\"Click to collapse: Liens et liens hypertextes\">Liens et liens hypertextes<span class=\"toggle_icon\"><span class=\"vert_icon\"><\/span><span class=\"hor_icon\"><\/span><\/span><\/p><div id='toggle-id-2' aria-labelledby='toggle-toggle-id-2' role='region' class='toggle_wrap  av-title-above'  ><div class='toggle_content invers-color '  itemprop=\"text\" ><p>Toute personne activant sur ce site des liens et\/ou liens hypertextes, quitte automatiquement le site et se trouve par cons\u00e9quent sur des sites \u00e9trangers \u00e0 parnass-zermatt.ch.\u00a0Le propri\u00e9taire de la domaine d\u00e9cline donc toute responsabilit\u00e9 concernant le contenu desdits sites, les produits et autres services propos\u00e9s.<\/p>\n<\/div><\/div><\/div><\/section>\n<section class='av_toggle_section av-2a5nlb-a503a5038244dea5c3f894d4f7d81579'  itemscope=\"itemscope\" itemtype=\"https:\/\/schema.org\/CreativeWork\" ><div role=\"tablist\" class=\"single_toggle\" data-tags=\"{Tout} \"  ><p id='toggle-toggle-id-3' data-fake-id='#toggle-id-3' class='toggler  av-title-above '  itemprop=\"headline\"  role='tab' tabindex='0' aria-controls='toggle-id-3' data-slide-speed=\"200\" data-title=\"S\u00e9curit\u00e9 et protections des donn\u00e9es\" data-title-open=\"\" data-aria_collapsed=\"Click to expand: S\u00e9curit\u00e9 et protections des donn\u00e9es\" data-aria_expanded=\"Click to collapse: S\u00e9curit\u00e9 et protections des donn\u00e9es\">S\u00e9curit\u00e9 et protections des donn\u00e9es<span class=\"toggle_icon\"><span class=\"vert_icon\"><\/span><span class=\"hor_icon\"><\/span><\/span><\/p><div id='toggle-id-3' aria-labelledby='toggle-toggle-id-3' role='region' class='toggle_wrap  av-title-above'  ><div class='toggle_content invers-color '  itemprop=\"text\" ><p>Il se peut que les visiteurs du site soient pri\u00e9s de fournir certaines informations personnelles. A noter toutefois qu\u2019ils n\u2019y sont pas contraints. Les donn\u00e9es personnelles sont enregistr\u00e9es sur les serveurs de parnass-zermatt.ch uniquement pour leur suivi ou bien pour pouvoir envoyer des informations ou soumettre des offres aux personnes concern\u00e9es. Le propri\u00e9taire de la domaine s\u2019interdit toutefois de les vendre ou de les transmettre \u00e0 des tiers et s\u2019engage \u00e0 les traiter dans la plus stricte confidentialit\u00e9, conform\u00e9ment aux dispositions relatives \u00e0 la protection des donn\u00e9es. Vous pouvez trouver plus de d\u00e9tails dans notre<a href=\"https:\/\/parnass-zermatt.ch\/fr\/declaration-de-confidentialite\/\"> politique de confidentialit\u00e9<\/a>.<\/p>\n<\/div><\/div><\/div><\/section>\n<section class='av_toggle_section av-gv89f3-fdd24d3693b1fc600e0c3039df402ccb'  itemscope=\"itemscope\" itemtype=\"https:\/\/schema.org\/CreativeWork\" ><div role=\"tablist\" class=\"single_toggle\" data-tags=\"{Tout} \"  ><p id='toggle-toggle-id-4' data-fake-id='#toggle-id-4' class='toggler  av-title-above '  itemprop=\"headline\"  role='tab' tabindex='0' aria-controls='toggle-id-4' data-slide-speed=\"200\" data-title=\"Copyright\" data-title-open=\"\" data-aria_collapsed=\"Click to expand: Copyright\" data-aria_expanded=\"Click to collapse: Copyright\">Copyright<span class=\"toggle_icon\"><span class=\"vert_icon\"><\/span><span class=\"hor_icon\"><\/span><\/span><\/p><div id='toggle-id-4' aria-labelledby='toggle-toggle-id-4' role='region' class='toggle_wrap  av-title-above'  ><div class='toggle_content invers-color '  itemprop=\"text\" ><p><strong>Tous droits r\u00e9serv\u00e9s<\/strong><\/p>\n<p>Le contenu du site Internet de parnass-zermatt.ch est prot\u00e9g\u00e9 par le droit d\u2019auteur (certaines pages peuvent toutefois contenir des \u00e9l\u00e9ments de textes et des images prot\u00e9g\u00e9s par le copyright de tiers).<\/p>\n<p>Le contenu de ce site Internet ne peut \u00eatre utilis\u00e9 qu\u2019\u00e0 des fins priv\u00e9es. Toute autre utilisation est r\u00e9serv\u00e9e. En particulier, le contenu de ce site ne peut \u00eatre, \u00e0 des fins commerciales ou non, diffus\u00e9, modifi\u00e9, rendu accessible \u00e0 des tiers, copi\u00e9 sur des supports de donn\u00e9es optiques ou \u00e9lectroniques, reproduit, sauvegard\u00e9 ou utilis\u00e9, sans l\u2019autorisation \u00e9crite pr\u00e9alable du propri\u00e9taire de la domaine.<\/p>\n<p>La mise \u00e0 disposition du pr\u00e9sent site n\u2019implique pas l\u2019octroi de licence d\u2019utilisation de la propri\u00e9t\u00e9 intellectuelle du propri\u00e9taire de la domaine ou de tiers.<\/p>\n<p><strong>Marques<\/strong><\/p>\n<p>Sauf sp\u00e9cification contraire, toutes les marques figurant sur ce site sont prot\u00e9g\u00e9es par le droit des marques. La pr\u00e9sente clause s\u2019applique notamment aux noms de marques du propri\u00e9taire de la domaine, au logo de l\u2019entreprise et autres symboles. Tous droits r\u00e9serv\u00e9s.<\/p>\n<\/div><\/div><\/div><\/section>\n<\/div><\/div>\n<style type=\"text\/css\" data-created_by=\"avia_inline_auto\" id=\"style-css-av-f6yc4v-f7a0dce89c7441dfdfd7f1ca4e7b307a\">\n.flex_column.av-f6yc4v-f7a0dce89c7441dfdfd7f1ca4e7b307a{\nborder-radius:0px 0px 0px 0px;\npadding:0px 0px 0px 0px;\n}\n<\/style>\n<div  class='flex_column av-f6yc4v-f7a0dce89c7441dfdfd7f1ca4e7b307a av_one_full  avia-builder-el-7  el_after_av_three_fourth  el_before_av_one_fourth  first flex_column_div av-zero-column-padding  column-top-margin'     ><p><section  class='av_textblock_section av-div21r-9afe652e2ea75421da45598d5aba4683 '   itemscope=\"itemscope\" itemtype=\"https:\/\/schema.org\/CreativeWork\" ><div class='avia_textblock'  itemprop=\"text\" ><p><strong>Projet<\/strong><\/p>\n<\/div><\/section><br \/>\n\n<style type=\"text\/css\" data-created_by=\"avia_inline_auto\" id=\"style-css-av-k34d8ej9-bfdc61419bc3d970628814d8e8d2cc2f\">\n.avia-image-container.av-k34d8ej9-bfdc61419bc3d970628814d8e8d2cc2f img.avia_image{\nbox-shadow:none;\n}\n.avia-image-container.av-k34d8ej9-bfdc61419bc3d970628814d8e8d2cc2f .av-image-caption-overlay-center{\ncolor:#ffffff;\n}\n<\/style>\n<div  class='avia-image-container av-k34d8ej9-bfdc61419bc3d970628814d8e8d2cc2f av-styling- av-img-linked avia-align-left  avia-builder-el-9  el_after_av_textblock  el_before_av_hr '   itemprop=\"image\" itemscope=\"itemscope\" itemtype=\"https:\/\/schema.org\/ImageObject\" ><div class=\"avia-image-container-inner\"><div class=\"avia-image-overlay-wrap\"><a href=\"https:\/\/xse.ch\" class='avia_image ' target=\"_blank\" rel=\"noopener noreferrer\" aria-label='artesmedia.ch by artes kulturtechnologie'><img decoding=\"async\" fetchpriority=\"high\" class='wp-image-4373 avia-img-lazy-loading-not-4373 avia_image ' src=\"https:\/\/parnass-zermatt.ch\/wp-content\/uploads\/logo-artesmedia-black-red-260x56-1.png\" alt='artesmedia.ch by artes kulturtechnologie' title='artesmedia.ch by artes kulturtechnologie'  height=\"56\" width=\"260\"  itemprop=\"thumbnailUrl\"  \/><\/a><\/div><\/div><\/div><br \/>\n\n<style type=\"text\/css\" data-created_by=\"avia_inline_auto\" id=\"style-css-av-cjuc8v-1c2ec0e6ca02d081f5cefe4ad0c8efcc\">\n#top .hr.hr-invisible.av-cjuc8v-1c2ec0e6ca02d081f5cefe4ad0c8efcc{\nheight:3px;\n}\n<\/style>\n<div  class='hr av-cjuc8v-1c2ec0e6ca02d081f5cefe4ad0c8efcc hr-invisible  avia-builder-el-10  el_after_av_image  el_before_av_textblock '><span class='hr-inner '><span class=\"hr-inner-style\"><\/span><\/span><\/div><br \/>\n<section  class='av_textblock_section av-bhqlj3-1f200822f11de81282562327ae19cddd '   itemscope=\"itemscope\" itemtype=\"https:\/\/schema.org\/CreativeWork\" ><div class='avia_textblock'  itemprop=\"text\" ><p>Conception g\u00e9n\u00e9rale<br \/>\nwebdesign, conception graphique, texte<br \/>\nSEO, Social Media<\/p>\n<\/div><\/section><\/p><\/div>\n<style type=\"text\/css\" data-created_by=\"avia_inline_auto\" id=\"style-css-av-90gndb-5f7adc212b057885314f4e0051ab135c\">\n.flex_column.av-90gndb-5f7adc212b057885314f4e0051ab135c{\nborder-radius:0px 0px 0px 0px;\npadding:0px 0px 0px 0px;\n}\n<\/style>\n<div  class='flex_column av-90gndb-5f7adc212b057885314f4e0051ab135c av_one_fourth  avia-builder-el-12  el_after_av_one_full  el_before_av_one_fourth  first flex_column_div av-zero-column-padding  column-top-margin'     ><section  class='av_textblock_section av-80skin-7c28dca6719e82ad66f95bd16497d3a0 '   itemscope=\"itemscope\" itemtype=\"https:\/\/schema.org\/CreativeWork\" ><div class='avia_textblock'  itemprop=\"text\" ><p><strong>H\u00f4tel Parnass<\/strong><\/p>\n<p>Adeel M. Hashmi<br \/>\nAnita Noll<\/p>\n<\/div><\/section><\/div>\n<style type=\"text\/css\" data-created_by=\"avia_inline_auto\" id=\"style-css-av-90gndb-6-75e8e70f9ea088bc119060e75a2fb7a0\">\n.flex_column.av-90gndb-6-75e8e70f9ea088bc119060e75a2fb7a0{\nborder-radius:0px 0px 0px 0px;\npadding:0px 0px 0px 0px;\n}\n<\/style>\n<div  class='flex_column av-90gndb-6-75e8e70f9ea088bc119060e75a2fb7a0 av_one_fourth  avia-builder-el-14  el_after_av_one_fourth  el_before_av_one_fourth  flex_column_div av-zero-column-padding  column-top-margin'     ><section  class='av_textblock_section av-80skin-5-b00aaa9a8b35d2789fd4211ae3c0ace4 '   itemscope=\"itemscope\" itemtype=\"https:\/\/schema.org\/CreativeWork\" ><div class='avia_textblock'  itemprop=\"text\" ><p><strong>Traduction<\/strong><\/p>\n<p><a href=\"https:\/\/deepl.com\" target=\"_blank\" rel=\"noopener\">deepl.com<\/a><\/p>\n<\/div><\/section><\/div>\n<style type=\"text\/css\" data-created_by=\"avia_inline_auto\" id=\"style-css-av-90gndb-4-8ec1ae3e7f1f163094ba19345b7209bb\">\n.flex_column.av-90gndb-4-8ec1ae3e7f1f163094ba19345b7209bb{\nborder-radius:0px 0px 0px 0px;\npadding:0px 0px 0px 0px;\n}\n<\/style>\n<div  class='flex_column av-90gndb-4-8ec1ae3e7f1f163094ba19345b7209bb av_one_fourth  avia-builder-el-16  el_after_av_one_fourth  el_before_av_one_fourth  flex_column_div av-zero-column-padding  column-top-margin'     ><section  class='av_textblock_section av-80skin-3-ef4f35c495cdd41ffab13bb4825ab6c3 '   itemscope=\"itemscope\" itemtype=\"https:\/\/schema.org\/CreativeWork\" ><div class='avia_textblock'  itemprop=\"text\" ><p><strong>\u00c9quipe \u00e9ditoriale<\/strong><\/p>\n<p><a href=\"https:\/\/arteskulturtechnologie.ch\" target=\"_blank\" rel=\"noopener\">artes kulturtechnologie<\/a><br \/>\nCinzia Conti<br \/>\n<a href=\"https:\/\/www.kalbermatten.swiss\/\" target=\"_blank\" rel=\"noopener\">kalbermatten.swiss<\/a><\/p>\n<\/div><\/section><\/div>\n<style type=\"text\/css\" data-created_by=\"avia_inline_auto\" id=\"style-css-av-90gndb-2-6aa78cd869ecf9b235814b963aeef2a1\">\n.flex_column.av-90gndb-2-6aa78cd869ecf9b235814b963aeef2a1{\nborder-radius:0px 0px 0px 0px;\npadding:0px 0px 0px 0px;\n}\n<\/style>\n<div  class='flex_column av-90gndb-2-6aa78cd869ecf9b235814b963aeef2a1 av_one_fourth  avia-builder-el-18  el_after_av_one_fourth  avia-builder-el-last  flex_column_div av-zero-column-padding  column-top-margin'     ><section  class='av_textblock_section av-80skin-1-f5d2180a384a6528a0ecef95ff6a4cd9 '   itemscope=\"itemscope\" itemtype=\"https:\/\/schema.org\/CreativeWork\" ><div class='avia_textblock'  itemprop=\"text\" ><p><strong>Photographie<\/strong><\/p>\n<p>Martin Libeck<br \/>\nFredrik Schenholm<br \/>\nMichael Portmann<br \/>\nKurt M\u00fcller<br \/>\nLeander Wenger<br \/>\nPascal Gertschen<br \/>\nAir Zermatt<br \/>\nAircam Zermatt<br \/>\nGornergrat Bahn<br \/>\nRestaurant Blue Lounge<\/p>\n<\/div><\/section><\/div><\/div><\/div><\/main><!-- close content main element --><\/div><\/div><div id='after_section_1'  class='main_color av_default_container_wrap container_wrap sidebar_left'  ><div class='container av-section-cont-open' ><div class='template-page content  av-content-small units'><div class='post-entry post-entry-type-page post-entry-2367'><div class='entry-content-wrapper clearfix'>\n","protected":false},"excerpt":{"rendered":"","protected":false},"author":1213,"featured_media":0,"parent":0,"menu_order":61,"comment_status":"closed","ping_status":"closed","template":"","meta":{"footnotes":""},"class_list":["post-2367","page","type-page","status-publish","hentry"],"yoast_head":"<!-- This site is optimized with the Yoast SEO plugin v24.5 - https:\/\/yoast.com\/wordpress\/plugins\/seo\/ -->\n<title>Mentions l\u00e9gales - Hotel Parnass Zermatt<\/title>\n<meta name=\"robots\" content=\"index, follow, max-snippet:-1, max-image-preview:large, max-video-preview:-1\" \/>\n<link rel=\"canonical\" href=\"https:\/\/parnass-zermatt.ch\/fr\/impressum\/\" \/>\n<meta property=\"og:locale\" content=\"fr_FR\" \/>\n<meta property=\"og:type\" content=\"article\" \/>\n<meta property=\"og:title\" content=\"Mentions l\u00e9gales - Hotel Parnass Zermatt\" \/>\n<meta property=\"og:url\" content=\"https:\/\/parnass-zermatt.ch\/fr\/impressum\/\" \/>\n<meta property=\"og:site_name\" content=\"Hotel Parnass Zermatt\" \/>\n<meta property=\"article:modified_time\" content=\"2025-03-27T13:42:06+00:00\" \/>\n<meta name=\"twitter:card\" content=\"summary_large_image\" \/>\n<meta name=\"twitter:label1\" content=\"Dur\u00e9e de lecture estim\u00e9e\" \/>\n\t<meta name=\"twitter:data1\" content=\"3 minutes\" \/>\n<script type=\"application\/ld+json\" class=\"yoast-schema-graph\">{\"@context\":\"https:\/\/schema.org\",\"@graph\":[{\"@type\":\"WebPage\",\"@id\":\"https:\/\/parnass-zermatt.ch\/fr\/impressum\/\",\"url\":\"https:\/\/parnass-zermatt.ch\/fr\/impressum\/\",\"name\":\"Mentions l\u00e9gales - Hotel Parnass Zermatt\",\"isPartOf\":{\"@id\":\"https:\/\/parnass-zermatt.ch\/fr\/#website\"},\"datePublished\":\"2017-06-29T13:23:15+00:00\",\"dateModified\":\"2025-03-27T13:42:06+00:00\",\"breadcrumb\":{\"@id\":\"https:\/\/parnass-zermatt.ch\/fr\/impressum\/#breadcrumb\"},\"inLanguage\":\"fr-FR\",\"potentialAction\":[{\"@type\":\"ReadAction\",\"target\":[\"https:\/\/parnass-zermatt.ch\/fr\/impressum\/\"]}]},{\"@type\":\"BreadcrumbList\",\"@id\":\"https:\/\/parnass-zermatt.ch\/fr\/impressum\/#breadcrumb\",\"itemListElement\":[{\"@type\":\"ListItem\",\"position\":1,\"name\":\"Startseite\",\"item\":\"https:\/\/parnass-zermatt.ch\/fr\/\"},{\"@type\":\"ListItem\",\"position\":2,\"name\":\"Mentions l\u00e9gales\"}]},{\"@type\":\"WebSite\",\"@id\":\"https:\/\/parnass-zermatt.ch\/fr\/#website\",\"url\":\"https:\/\/parnass-zermatt.ch\/fr\/\",\"name\":\"Hotel Parnass Zermatt\",\"description\":\"Passer de belles vacances \u00e0 Zermatt\",\"potentialAction\":[{\"@type\":\"SearchAction\",\"target\":{\"@type\":\"EntryPoint\",\"urlTemplate\":\"https:\/\/parnass-zermatt.ch\/fr\/?s={search_term_string}\"},\"query-input\":{\"@type\":\"PropertyValueSpecification\",\"valueRequired\":true,\"valueName\":\"search_term_string\"}}],\"inLanguage\":\"fr-FR\"}]}<\/script>\n<!-- \/ Yoast SEO plugin. -->","yoast_head_json":{"title":"Mentions l\u00e9gales - Hotel Parnass Zermatt","robots":{"index":"index","follow":"follow","max-snippet":"max-snippet:-1","max-image-preview":"max-image-preview:large","max-video-preview":"max-video-preview:-1"},"canonical":"https:\/\/parnass-zermatt.ch\/fr\/impressum\/","og_locale":"fr_FR","og_type":"article","og_title":"Mentions l\u00e9gales - Hotel Parnass Zermatt","og_url":"https:\/\/parnass-zermatt.ch\/fr\/impressum\/","og_site_name":"Hotel Parnass Zermatt","article_modified_time":"2025-03-27T13:42:06+00:00","twitter_card":"summary_large_image","twitter_misc":{"Dur\u00e9e de lecture estim\u00e9e":"3 minutes"},"schema":{"@context":"https:\/\/schema.org","@graph":[{"@type":"WebPage","@id":"https:\/\/parnass-zermatt.ch\/fr\/impressum\/","url":"https:\/\/parnass-zermatt.ch\/fr\/impressum\/","name":"Mentions l\u00e9gales - Hotel Parnass Zermatt","isPartOf":{"@id":"https:\/\/parnass-zermatt.ch\/fr\/#website"},"datePublished":"2017-06-29T13:23:15+00:00","dateModified":"2025-03-27T13:42:06+00:00","breadcrumb":{"@id":"https:\/\/parnass-zermatt.ch\/fr\/impressum\/#breadcrumb"},"inLanguage":"fr-FR","potentialAction":[{"@type":"ReadAction","target":["https:\/\/parnass-zermatt.ch\/fr\/impressum\/"]}]},{"@type":"BreadcrumbList","@id":"https:\/\/parnass-zermatt.ch\/fr\/impressum\/#breadcrumb","itemListElement":[{"@type":"ListItem","position":1,"name":"Startseite","item":"https:\/\/parnass-zermatt.ch\/fr\/"},{"@type":"ListItem","position":2,"name":"Mentions l\u00e9gales"}]},{"@type":"WebSite","@id":"https:\/\/parnass-zermatt.ch\/fr\/#website","url":"https:\/\/parnass-zermatt.ch\/fr\/","name":"Hotel Parnass Zermatt","description":"Passer de belles vacances \u00e0 Zermatt","potentialAction":[{"@type":"SearchAction","target":{"@type":"EntryPoint","urlTemplate":"https:\/\/parnass-zermatt.ch\/fr\/?s={search_term_string}"},"query-input":{"@type":"PropertyValueSpecification","valueRequired":true,"valueName":"search_term_string"}}],"inLanguage":"fr-FR"}]}},"publishpress_future_action":{"enabled":false,"date":"2026-04-26 15:06:13","action":"change-status","newStatus":"draft","terms":[],"taxonomy":"translation_priority"},"_links":{"self":[{"href":"https:\/\/parnass-zermatt.ch\/fr\/wp-json\/wp\/v2\/pages\/2367","targetHints":{"allow":["GET"]}}],"collection":[{"href":"https:\/\/parnass-zermatt.ch\/fr\/wp-json\/wp\/v2\/pages"}],"about":[{"href":"https:\/\/parnass-zermatt.ch\/fr\/wp-json\/wp\/v2\/types\/page"}],"author":[{"embeddable":true,"href":"https:\/\/parnass-zermatt.ch\/fr\/wp-json\/wp\/v2\/users\/1213"}],"replies":[{"embeddable":true,"href":"https:\/\/parnass-zermatt.ch\/fr\/wp-json\/wp\/v2\/comments?post=2367"}],"version-history":[{"count":23,"href":"https:\/\/parnass-zermatt.ch\/fr\/wp-json\/wp\/v2\/pages\/2367\/revisions"}],"predecessor-version":[{"id":7362,"href":"https:\/\/parnass-zermatt.ch\/fr\/wp-json\/wp\/v2\/pages\/2367\/revisions\/7362"}],"wp:attachment":[{"href":"https:\/\/parnass-zermatt.ch\/fr\/wp-json\/wp\/v2\/media?parent=2367"}],"curies":[{"name":"wp","href":"https:\/\/api.w.org\/{rel}","templated":true}]}}