{"id":5179,"date":"2021-06-25T22:42:58","date_gmt":"2021-06-25T20:42:58","guid":{"rendered":"https:\/\/parnass-zermatt.ch\/?page_id=5179"},"modified":"2025-01-27T11:11:28","modified_gmt":"2025-01-27T10:11:28","slug":"bon-cadeau-2","status":"publish","type":"page","link":"https:\/\/parnass-zermatt.ch\/fr\/bon-cadeau-2\/","title":{"rendered":"Bon Cadeau"},"content":{"rendered":"<div id='av_section_1'  class='avia-section av-xjzrem-0854e8787a697345f3fb4f8e229717e4 main_color avia-section-default avia-no-border-styling  avia-builder-el-0  avia-builder-el-no-sibling  avia-bg-style-scroll container_wrap sidebar_left'  ><div class='container av-section-cont-open' ><main  role=\"main\" itemprop=\"mainContentOfPage\"  class='template-page content  av-content-small units'><div class='post-entry post-entry-type-page post-entry-5179'><div class='entry-content-wrapper clearfix'>\n\n<style type=\"text\/css\" data-created_by=\"avia_inline_auto\" id=\"style-css-av-l8ycpz1j-6ab18b78b596d9a3560dbab6e8941244\">\n#top .av-special-heading.av-l8ycpz1j-6ab18b78b596d9a3560dbab6e8941244{\npadding-bottom:30px;\n}\nbody .av-special-heading.av-l8ycpz1j-6ab18b78b596d9a3560dbab6e8941244 .av-special-heading-tag .heading-char{\nfont-size:25px;\n}\n.av-special-heading.av-l8ycpz1j-6ab18b78b596d9a3560dbab6e8941244 .av-subheading{\nfont-size:15px;\n}\n<\/style>\n<div  class='av-special-heading av-l8ycpz1j-6ab18b78b596d9a3560dbab6e8941244 av-special-heading-h1 blockquote modern-quote modern-centered  avia-builder-el-1  el_before_av_two_third  avia-builder-el-first '><h1 class='av-special-heading-tag '  itemprop=\"headline\"  >Bon Cadeau Vacances<\/h1><div class='av-subheading av-subheading_below'><p>Hotel Parnass<\/p>\n<\/div><div class=\"special-heading-border\"><div class=\"special-heading-inner-border\"><\/div><\/div><\/div>\n\n<style type=\"text\/css\" data-created_by=\"avia_inline_auto\" id=\"style-css-av-uhvn2m-265136bb81bbf589f5cd593d2831990b\">\n.flex_column.av-uhvn2m-265136bb81bbf589f5cd593d2831990b{\nborder-radius:0px 0px 0px 0px;\npadding:0px 0px 0px 0px;\n}\n<\/style>\n<div  class='flex_column av-uhvn2m-265136bb81bbf589f5cd593d2831990b av_two_third  avia-builder-el-2  el_after_av_heading  avia-builder-el-last  first flex_column_div av-zero-column-padding  '     ><p><article  class='iconbox iconbox_left av-kqaru4c4-1c491bb693683ef2de14ffa6f315e503  avia-builder-el-3  el_before_av_hr  avia-builder-el-first '  itemscope=\"itemscope\" itemtype=\"https:\/\/schema.org\/CreativeWork\" ><div class=\"iconbox_content\"><header class=\"entry-content-header\" aria-label=\"Icon: \u00cates-vous \u00e0 la recherche d\u2019une excellente id\u00e9e cadeau ?\"><div class=\"iconbox_icon heading-color\" aria-hidden='true' data-av_icon='\ue85a' data-av_iconfont='entypo-fontello'><\/div><h3 class='iconbox_content_title '  itemprop=\"headline\" >\u00cates-vous \u00e0 la recherche d\u2019une excellente id\u00e9e cadeau ?<\/h3><\/header><div class='iconbox_content_container '  itemprop=\"text\" ><p>Pourquoi ne pas offrir \u00e0 vos proches ce qu\u2019il y a de plus pr\u00e9cieux : Un merveilleux s\u00e9jour \u00e0 l&rsquo;H\u00f4tel Parnass \u00e0 Zermatt.<\/p>\n<p>Commandez votre bon cadeau par email \u00e0 l\u2019adresse\u00a0<a href=\"mailto:welcome@parnass-zermatt.ch\">welcome@parnass-zermatt.ch<\/a>\u00a0ou appelez-nous au <a href=\"tel:+41 27 967 11 79\">+41 27 967 11 79<\/a>. Nous sommes \u00e0 votre disposition pour toute question.<\/p>\n<\/div><\/div><footer class=\"entry-footer\"><\/footer><\/article><br \/>\n\n<style type=\"text\/css\" data-created_by=\"avia_inline_auto\" id=\"style-css-av-kq9v8dje-e59fa9ccb16f9dfb4562efe9da29e318\">\n#top .hr.hr-invisible.av-kq9v8dje-e59fa9ccb16f9dfb4562efe9da29e318{\nheight:30px;\n}\n<\/style>\n<div  class='hr av-kq9v8dje-e59fa9ccb16f9dfb4562efe9da29e318 hr-invisible  avia-builder-el-4  el_after_av_icon_box  avia-builder-el-last '><span class='hr-inner '><span class=\"hr-inner-style\"><\/span><\/span><\/div><\/p><\/div><\/div><\/div><\/main><!-- close content main element --><\/div><\/div><div id='after_section_1'  class='main_color av_default_container_wrap container_wrap sidebar_left'  ><div class='container av-section-cont-open' ><div class='template-page content  av-content-small units'><div class='post-entry post-entry-type-page post-entry-5179'><div class='entry-content-wrapper clearfix'>\n","protected":false},"excerpt":{"rendered":"","protected":false},"author":1216,"featured_media":0,"parent":0,"menu_order":7,"comment_status":"closed","ping_status":"closed","template":"","meta":{"footnotes":""},"class_list":["post-5179","page","type-page","status-publish","hentry"],"yoast_head":"<!-- This site is optimized with the Yoast SEO plugin v24.5 - https:\/\/yoast.com\/wordpress\/plugins\/seo\/ -->\n<title>Bon Cadeau - Hotel Parnass Zermatt<\/title>\n<meta name=\"robots\" content=\"index, follow, max-snippet:-1, max-image-preview:large, max-video-preview:-1\" \/>\n<link rel=\"canonical\" href=\"https:\/\/parnass-zermatt.ch\/fr\/bon-cadeau-2\/\" \/>\n<meta property=\"og:locale\" content=\"fr_FR\" \/>\n<meta property=\"og:type\" content=\"article\" \/>\n<meta property=\"og:title\" content=\"Bon Cadeau - Hotel Parnass Zermatt\" \/>\n<meta property=\"og:url\" content=\"https:\/\/parnass-zermatt.ch\/fr\/bon-cadeau-2\/\" \/>\n<meta property=\"og:site_name\" content=\"Hotel Parnass Zermatt\" \/>\n<meta property=\"article:modified_time\" content=\"2025-01-27T10:11:28+00:00\" \/>\n<meta name=\"twitter:card\" content=\"summary_large_image\" \/>\n<meta name=\"twitter:label1\" content=\"Dur\u00e9e de lecture estim\u00e9e\" \/>\n\t<meta name=\"twitter:data1\" content=\"1 minute\" \/>\n<script type=\"application\/ld+json\" class=\"yoast-schema-graph\">{\"@context\":\"https:\/\/schema.org\",\"@graph\":[{\"@type\":\"WebPage\",\"@id\":\"https:\/\/parnass-zermatt.ch\/fr\/bon-cadeau-2\/\",\"url\":\"https:\/\/parnass-zermatt.ch\/fr\/bon-cadeau-2\/\",\"name\":\"Bon Cadeau - Hotel Parnass Zermatt\",\"isPartOf\":{\"@id\":\"https:\/\/parnass-zermatt.ch\/fr\/#website\"},\"datePublished\":\"2021-06-25T20:42:58+00:00\",\"dateModified\":\"2025-01-27T10:11:28+00:00\",\"breadcrumb\":{\"@id\":\"https:\/\/parnass-zermatt.ch\/fr\/bon-cadeau-2\/#breadcrumb\"},\"inLanguage\":\"fr-FR\",\"potentialAction\":[{\"@type\":\"ReadAction\",\"target\":[\"https:\/\/parnass-zermatt.ch\/fr\/bon-cadeau-2\/\"]}]},{\"@type\":\"BreadcrumbList\",\"@id\":\"https:\/\/parnass-zermatt.ch\/fr\/bon-cadeau-2\/#breadcrumb\",\"itemListElement\":[{\"@type\":\"ListItem\",\"position\":1,\"name\":\"Startseite\",\"item\":\"https:\/\/parnass-zermatt.ch\/fr\/\"},{\"@type\":\"ListItem\",\"position\":2,\"name\":\"Bon Cadeau\"}]},{\"@type\":\"WebSite\",\"@id\":\"https:\/\/parnass-zermatt.ch\/fr\/#website\",\"url\":\"https:\/\/parnass-zermatt.ch\/fr\/\",\"name\":\"Hotel Parnass Zermatt\",\"description\":\"Passer de belles vacances \u00e0 Zermatt\",\"potentialAction\":[{\"@type\":\"SearchAction\",\"target\":{\"@type\":\"EntryPoint\",\"urlTemplate\":\"https:\/\/parnass-zermatt.ch\/fr\/?s={search_term_string}\"},\"query-input\":{\"@type\":\"PropertyValueSpecification\",\"valueRequired\":true,\"valueName\":\"search_term_string\"}}],\"inLanguage\":\"fr-FR\"}]}<\/script>\n<!-- \/ Yoast SEO plugin. -->","yoast_head_json":{"title":"Bon Cadeau - Hotel Parnass Zermatt","robots":{"index":"index","follow":"follow","max-snippet":"max-snippet:-1","max-image-preview":"max-image-preview:large","max-video-preview":"max-video-preview:-1"},"canonical":"https:\/\/parnass-zermatt.ch\/fr\/bon-cadeau-2\/","og_locale":"fr_FR","og_type":"article","og_title":"Bon Cadeau - Hotel Parnass Zermatt","og_url":"https:\/\/parnass-zermatt.ch\/fr\/bon-cadeau-2\/","og_site_name":"Hotel Parnass Zermatt","article_modified_time":"2025-01-27T10:11:28+00:00","twitter_card":"summary_large_image","twitter_misc":{"Dur\u00e9e de lecture estim\u00e9e":"1 minute"},"schema":{"@context":"https:\/\/schema.org","@graph":[{"@type":"WebPage","@id":"https:\/\/parnass-zermatt.ch\/fr\/bon-cadeau-2\/","url":"https:\/\/parnass-zermatt.ch\/fr\/bon-cadeau-2\/","name":"Bon Cadeau - Hotel Parnass Zermatt","isPartOf":{"@id":"https:\/\/parnass-zermatt.ch\/fr\/#website"},"datePublished":"2021-06-25T20:42:58+00:00","dateModified":"2025-01-27T10:11:28+00:00","breadcrumb":{"@id":"https:\/\/parnass-zermatt.ch\/fr\/bon-cadeau-2\/#breadcrumb"},"inLanguage":"fr-FR","potentialAction":[{"@type":"ReadAction","target":["https:\/\/parnass-zermatt.ch\/fr\/bon-cadeau-2\/"]}]},{"@type":"BreadcrumbList","@id":"https:\/\/parnass-zermatt.ch\/fr\/bon-cadeau-2\/#breadcrumb","itemListElement":[{"@type":"ListItem","position":1,"name":"Startseite","item":"https:\/\/parnass-zermatt.ch\/fr\/"},{"@type":"ListItem","position":2,"name":"Bon Cadeau"}]},{"@type":"WebSite","@id":"https:\/\/parnass-zermatt.ch\/fr\/#website","url":"https:\/\/parnass-zermatt.ch\/fr\/","name":"Hotel Parnass Zermatt","description":"Passer de belles vacances \u00e0 Zermatt","potentialAction":[{"@type":"SearchAction","target":{"@type":"EntryPoint","urlTemplate":"https:\/\/parnass-zermatt.ch\/fr\/?s={search_term_string}"},"query-input":{"@type":"PropertyValueSpecification","valueRequired":true,"valueName":"search_term_string"}}],"inLanguage":"fr-FR"}]}},"publishpress_future_action":{"enabled":false,"date":"2026-04-26 14:52:16","action":"change-status","newStatus":"draft","terms":[],"taxonomy":"translation_priority"},"_links":{"self":[{"href":"https:\/\/parnass-zermatt.ch\/fr\/wp-json\/wp\/v2\/pages\/5179","targetHints":{"allow":["GET"]}}],"collection":[{"href":"https:\/\/parnass-zermatt.ch\/fr\/wp-json\/wp\/v2\/pages"}],"about":[{"href":"https:\/\/parnass-zermatt.ch\/fr\/wp-json\/wp\/v2\/types\/page"}],"author":[{"embeddable":true,"href":"https:\/\/parnass-zermatt.ch\/fr\/wp-json\/wp\/v2\/users\/1216"}],"replies":[{"embeddable":true,"href":"https:\/\/parnass-zermatt.ch\/fr\/wp-json\/wp\/v2\/comments?post=5179"}],"version-history":[{"count":9,"href":"https:\/\/parnass-zermatt.ch\/fr\/wp-json\/wp\/v2\/pages\/5179\/revisions"}],"predecessor-version":[{"id":7302,"href":"https:\/\/parnass-zermatt.ch\/fr\/wp-json\/wp\/v2\/pages\/5179\/revisions\/7302"}],"wp:attachment":[{"href":"https:\/\/parnass-zermatt.ch\/fr\/wp-json\/wp\/v2\/media?parent=5179"}],"curies":[{"name":"wp","href":"https:\/\/api.w.org\/{rel}","templated":true}]}}