{"id":2370,"date":"2017-06-29T15:27:01","date_gmt":"2017-06-29T13:27:01","guid":{"rendered":"http:\/\/parnass-zermatt.ch.amphora.sui-inter.net\/?page_id=2370\/"},"modified":"2025-03-27T14:41:23","modified_gmt":"2025-03-27T13:41:23","slug":"informazioni-legali","status":"publish","type":"page","link":"https:\/\/parnass-zermatt.ch\/it\/informazioni-legali\/","title":{"rendered":"Informazioni legali"},"content":{"rendered":"<div id='av_section_1'  class='avia-section av-yfpgs2-e5d443488c76eabf07fd2e07eecc97ad main_color avia-section-default avia-no-shadow  avia-builder-el-0  avia-builder-el-no-sibling  avia-bg-style-scroll container_wrap sidebar_left'  ><div class='container av-section-cont-open' ><main  role=\"main\" itemprop=\"mainContentOfPage\"  class='template-page content  av-content-small units'><div class='post-entry post-entry-type-page post-entry-2370'><div class='entry-content-wrapper clearfix'>\n\n<style type=\"text\/css\" data-created_by=\"avia_inline_auto\" id=\"style-css-av-vqeldu-a76a32d02b1c4ae0ec7ecf0b568b4c9f\">\n.flex_column.av-vqeldu-a76a32d02b1c4ae0ec7ecf0b568b4c9f{\nborder-radius:0px 0px 0px 0px;\npadding:0px 0px 0px 0px;\n}\n<\/style>\n<div  class='flex_column av-vqeldu-a76a32d02b1c4ae0ec7ecf0b568b4c9f av_one_full  avia-builder-el-1  el_before_av_one_fourth  avia-builder-el-first  first flex_column_div av-zero-column-padding  '     ><style type=\"text\/css\" data-created_by=\"avia_inline_auto\" id=\"style-css-av-26a4g2-17a49c50a4bafbd86c271d8803781926\">\n#top .av-special-heading.av-26a4g2-17a49c50a4bafbd86c271d8803781926{\npadding-bottom:10px;\n}\nbody .av-special-heading.av-26a4g2-17a49c50a4bafbd86c271d8803781926 .av-special-heading-tag .heading-char{\nfont-size:25px;\n}\n.av-special-heading.av-26a4g2-17a49c50a4bafbd86c271d8803781926 .av-subheading{\nfont-size:15px;\n}\n<\/style>\n<div  class='av-special-heading av-26a4g2-17a49c50a4bafbd86c271d8803781926 av-special-heading-h1 blockquote modern-quote  avia-builder-el-2  avia-builder-el-no-sibling '><h1 class='av-special-heading-tag '  itemprop=\"headline\"  >Informazioni Legali<\/h1><div class=\"special-heading-border\"><div class=\"special-heading-inner-border\"><\/div><\/div><\/div><\/div>\n<style type=\"text\/css\" data-created_by=\"avia_inline_auto\" id=\"style-css-av-sp11ua-b81a9e7918b657e8da2e7eb139b6b282\">\n.flex_column.av-sp11ua-b81a9e7918b657e8da2e7eb139b6b282{\nborder-radius:0px 0px 0px 0px;\npadding:0px 0px 0px 0px;\n}\n<\/style>\n<div  class='flex_column av-sp11ua-b81a9e7918b657e8da2e7eb139b6b282 av_one_fourth  avia-builder-el-3  el_after_av_one_full  el_before_av_three_fourth  first flex_column_div av-zero-column-padding  column-top-margin'     ><section  class='av_textblock_section av-qyz96a-c0c6ac00735df1d7f743bcbef6866076 '   itemscope=\"itemscope\" itemtype=\"https:\/\/schema.org\/CreativeWork\" ><div class='avia_textblock'  itemprop=\"text\" ><p><strong>parnass-zermatt.ch<\/strong><\/p>\n<p>Hotel Parnass<br \/>\nTheresia Noll<br \/>\nVispastrasse 4<br \/>\nCH-3920 Zermatt<br \/>\nSwitzerland<\/p>\n<p><a href=\"mailto:welcome@parnass-zermatt.ch\">welcome@parnass-zermatt.ch<\/a><\/p>\n<\/div><\/section><\/div>\n<style type=\"text\/css\" data-created_by=\"avia_inline_auto\" id=\"style-css-av-pjmtyq-c4fd60b215de2e478ac3dbdf343c45ba\">\n.flex_column.av-pjmtyq-c4fd60b215de2e478ac3dbdf343c45ba{\nborder-radius:0px 0px 0px 0px;\npadding:0px 0px 0px 0px;\n}\n<\/style>\n<div  class='flex_column av-pjmtyq-c4fd60b215de2e478ac3dbdf343c45ba av_three_fourth  avia-builder-el-5  el_after_av_one_fourth  el_before_av_one_full  flex_column_div av-zero-column-padding  column-top-margin'     ><div  class='togglecontainer av-nwh7aq-7f1bb866e6864066d7698a69de7605ae  avia-builder-el-6  avia-builder-el-no-sibling  impressum toggle_close_all' >\n<section class='av_toggle_section av-mvyorm-b880246b7c01409f4d61a1a125a3f832'  itemscope=\"itemscope\" itemtype=\"https:\/\/schema.org\/CreativeWork\" ><div role=\"tablist\" class=\"single_toggle\" data-tags=\"{Tutto} \"  ><p id='toggle-toggle-id-1' data-fake-id='#toggle-id-1' class='toggler  av-title-above '  itemprop=\"headline\"  role='tab' tabindex='0' aria-controls='toggle-id-1' data-slide-speed=\"200\" data-title=\"Responsabilit\u00e0 limitata\" data-title-open=\"\" data-aria_collapsed=\"Click to expand: Responsabilit\u00e0 limitata\" data-aria_expanded=\"Click to collapse: Responsabilit\u00e0 limitata\">Responsabilit\u00e0 limitata<span class=\"toggle_icon\"><span class=\"vert_icon\"><\/span><span class=\"hor_icon\"><\/span><\/span><\/p><div id='toggle-id-1' aria-labelledby='toggle-toggle-id-1' role='region' class='toggle_wrap  av-title-above'  ><div class='toggle_content invers-color '  itemprop=\"text\" ><p>Questo sito \u00e8 stato concepito con la massima accuratezza. Ciononostante il detentore del dominio non \u00e8 in misura di garantire l\u2019esattezza e l\u2019affidabilit\u00e0 delle informazioni fornite da terzi. Il detentore si riserva il diritto di modificare o completare \u2013 in qualunque momento e senza notifica preliminare \u2013 le informazioni messe a disposizione sul sito.<\/p>\n<p>Il detentore del dominio declina qualsiasi responsabilit\u00e0 per danni diretti o indiretti che potrebbero insorgere in relazione con l\u2019accesso, l\u2019utilizzazione, la consultazione di questo sito o con i collegamenti verso altri siti.<\/p>\n<\/div><\/div><\/div><\/section>\n<section class='av_toggle_section av-2373j6-3f2ead16016ea39d14ee48b2bba00dc9'  itemscope=\"itemscope\" itemtype=\"https:\/\/schema.org\/CreativeWork\" ><div role=\"tablist\" class=\"single_toggle\" data-tags=\"{Tutto} \"  ><p id='toggle-toggle-id-2' data-fake-id='#toggle-id-2' class='toggler  av-title-above '  itemprop=\"headline\"  role='tab' tabindex='0' aria-controls='toggle-id-2' data-slide-speed=\"200\" data-title=\"Links e hyperlinks\" data-title-open=\"\" data-aria_collapsed=\"Click to expand: Links e hyperlinks\" data-aria_expanded=\"Click to collapse: Links e hyperlinks\">Links e hyperlinks<span class=\"toggle_icon\"><span class=\"vert_icon\"><\/span><span class=\"hor_icon\"><\/span><\/span><\/p><div id='toggle-id-2' aria-labelledby='toggle-toggle-id-2' role='region' class='toggle_wrap  av-title-above'  ><div class='toggle_content invers-color '  itemprop=\"text\" ><p>Chiunque attivi su questo sito dei collegamenti (links e\/o hyperlinks), lascia automaticamente questo sito e si reca su siti esterni a slalom.ch. Il detentore declina qualsiasi responsabilit\u00e0 per i contenuti di tali siti, i prodotti\/servizi e altre prestazioni ivi proposte.<\/p>\n<\/div><\/div><\/div><\/section>\n<section class='av_toggle_section av-33lbqq-f5c26d6175e896db184424f7a142b671'  itemscope=\"itemscope\" itemtype=\"https:\/\/schema.org\/CreativeWork\" ><div role=\"tablist\" class=\"single_toggle\" data-tags=\"{Tutto} \"  ><p id='toggle-toggle-id-3' data-fake-id='#toggle-id-3' class='toggler  av-title-above '  itemprop=\"headline\"  role='tab' tabindex='0' aria-controls='toggle-id-3' data-slide-speed=\"200\" data-title=\"Sicurezza &amp; protezione dei dati\" data-title-open=\"\" data-aria_collapsed=\"Click to expand: Sicurezza &amp; protezione dei dati\" data-aria_expanded=\"Click to collapse: Sicurezza &amp; protezione dei dati\">Sicurezza &amp; protezione dei dati<span class=\"toggle_icon\"><span class=\"vert_icon\"><\/span><span class=\"hor_icon\"><\/span><\/span><\/p><div id='toggle-id-3' aria-labelledby='toggle-toggle-id-3' role='region' class='toggle_wrap  av-title-above'  ><div class='toggle_content invers-color '  itemprop=\"text\" ><p>Pu\u00f2 accadere che i visitatori di questo sito siano invitati a fornire informazioni personali. La risposta \u00e8 facoltativa. Tutti i dati personali rilevati sui server di leukerbad-hotel-alex.ch vengono registrati esclusivamente per il loro utilizzo individuale oppure per inviare informazioni o sottoporre offerte. Il detentore non vende n\u00e9 consegna tali dati a terzi e s\u2019impegna a trattarli nel rispetto della massima riservatezza e in conformit\u00e0 con le vigenti disposizioni legali sulla protezione dei dati. Potete trovare maggiori dettagli nella nostra <a href=\"https:\/\/parnass-zermatt.ch\/it\/protezione-dei-dati\/\">politica sulla privacy.<\/a><\/p>\n<\/div><\/div><\/div><\/section>\n<section class='av_toggle_section av-h5w4v6-ad1926d123e4b18e069b5e43ab4d5e7e'  itemscope=\"itemscope\" itemtype=\"https:\/\/schema.org\/CreativeWork\" ><div role=\"tablist\" class=\"single_toggle\" data-tags=\"{Tutto} \"  ><p id='toggle-toggle-id-4' data-fake-id='#toggle-id-4' class='toggler  av-title-above '  itemprop=\"headline\"  role='tab' tabindex='0' aria-controls='toggle-id-4' data-slide-speed=\"200\" data-title=\"Copyright\" data-title-open=\"\" data-aria_collapsed=\"Click to expand: Copyright\" data-aria_expanded=\"Click to collapse: Copyright\">Copyright<span class=\"toggle_icon\"><span class=\"vert_icon\"><\/span><span class=\"hor_icon\"><\/span><\/span><\/p><div id='toggle-id-4' aria-labelledby='toggle-toggle-id-4' role='region' class='toggle_wrap  av-title-above'  ><div class='toggle_content invers-color '  itemprop=\"text\" ><p><strong>Tutti i diritti riservati.<\/strong><\/p>\n<p>Il contenuto del sito Internet di parnass-zermatt.ch \u00e8 protetto dal diritto d\u2019autore (talune pagine possono contenere immagini e testi protetti dal copyright di terzi).<\/p>\n<p>Il contenuto di questo sito pu\u00f2 essere utilizzato solo a scopi privati. \u00c8 fatta salva qualsiasi altra utilizzazione. In particolare, il contenuto di questo non pu\u00f2 essere diffuso a scopi commerciali o non, modificato, messo a disposizione di terzi, copiato su supporti ottici ed elettronici, riprodotto, registrato o utilizzato senza l\u2019autorizzazione scritta del detentore.<\/p>\n<p>La messa a disposizione di questo sito non d\u00e0 adito a nessuna licenza d\u2019utilizzazione della propriet\u00e0 intellettuale del detentore o di terzi.<\/p>\n<p><strong>Marchi<\/strong><\/p>\n<p>Salvo specifiche contrarie, tutti i marchi riprodotti su questo sito sono protetti dal diritto dei marchi. Ci\u00f2 vale in particolare per i marchi del detentore, marchi aziendali e qualsiasi tipo di simbolo. Tutti i diritti riservati.<\/p>\n<\/div><\/div><\/div><\/section>\n<\/div><\/div>\n<style type=\"text\/css\" data-created_by=\"avia_inline_auto\" id=\"style-css-av-fymzrm-0787c6789455bc27145129bf72509f97\">\n.flex_column.av-fymzrm-0787c6789455bc27145129bf72509f97{\nborder-radius:0px 0px 0px 0px;\npadding:0px 0px 0px 0px;\n}\n<\/style>\n<div  class='flex_column av-fymzrm-0787c6789455bc27145129bf72509f97 av_one_full  avia-builder-el-7  el_after_av_three_fourth  el_before_av_one_fourth  first flex_column_div av-zero-column-padding  column-top-margin'     ><p><section  class='av_textblock_section av-ejdcv6-79e5052ab3479eb854f77cfb14fae43c '   itemscope=\"itemscope\" itemtype=\"https:\/\/schema.org\/CreativeWork\" ><div class='avia_textblock'  itemprop=\"text\" ><p><strong>Projetto<\/strong><\/p>\n<\/div><\/section><br \/>\n\n<style type=\"text\/css\" data-created_by=\"avia_inline_auto\" id=\"style-css-av-k34d6y6k-086c5d6015c3dffa2c9d2ba840ca70bb\">\n.avia-image-container.av-k34d6y6k-086c5d6015c3dffa2c9d2ba840ca70bb img.avia_image{\nbox-shadow:none;\n}\n.avia-image-container.av-k34d6y6k-086c5d6015c3dffa2c9d2ba840ca70bb .av-image-caption-overlay-center{\ncolor:#ffffff;\n}\n<\/style>\n<div  class='avia-image-container av-k34d6y6k-086c5d6015c3dffa2c9d2ba840ca70bb av-styling- av-img-linked avia-align-left  avia-builder-el-9  el_after_av_textblock  el_before_av_hr '   itemprop=\"image\" itemscope=\"itemscope\" itemtype=\"https:\/\/schema.org\/ImageObject\" ><div class=\"avia-image-container-inner\"><div class=\"avia-image-overlay-wrap\"><a href=\"https:\/\/xse.ch\" class='avia_image ' target=\"_blank\" rel=\"noopener noreferrer\" aria-label='artesmedia.ch by artes kulturtechnologie'><img decoding=\"async\" fetchpriority=\"high\" class='wp-image-4374 avia-img-lazy-loading-not-4374 avia_image ' src=\"https:\/\/parnass-zermatt.ch\/wp-content\/uploads\/logo-artesmedia-black-red-260x56-1.png\" alt='artesmedia.ch by artes kulturtechnologie' title='artesmedia.ch by artes kulturtechnologie'  height=\"56\" width=\"260\"  itemprop=\"thumbnailUrl\"  \/><\/a><\/div><\/div><\/div><br \/>\n\n<style type=\"text\/css\" data-created_by=\"avia_inline_auto\" id=\"style-css-av-k34d73b7-ef243bf39b5c49d12fab5a5010776c12\">\n#top .hr.hr-invisible.av-k34d73b7-ef243bf39b5c49d12fab5a5010776c12{\nheight:5px;\n}\n<\/style>\n<div  class='hr av-k34d73b7-ef243bf39b5c49d12fab5a5010776c12 hr-invisible  avia-builder-el-10  el_after_av_image  el_before_av_textblock '><span class='hr-inner '><span class=\"hr-inner-style\"><\/span><\/span><\/div><br \/>\n<section  class='av_textblock_section av-bqv68i-b598ad9b5fb2ca0afd08c6b69c19f5e5 '   itemscope=\"itemscope\" itemtype=\"https:\/\/schema.org\/CreativeWork\" ><div class='avia_textblock'  itemprop=\"text\" ><p>Concezione<br \/>\nDisegno web, disegno grafico, redazione<br \/>\nSEO, Social Media<\/p>\n<\/div><\/section><\/p><\/div>\n<style type=\"text\/css\" data-created_by=\"avia_inline_auto\" id=\"style-css-av-abb8yq-bcad670ee15bd0b942f5a5eadb5b90df\">\n.flex_column.av-abb8yq-bcad670ee15bd0b942f5a5eadb5b90df{\nborder-radius:0px 0px 0px 0px;\npadding:0px 0px 0px 0px;\n}\n<\/style>\n<div  class='flex_column av-abb8yq-bcad670ee15bd0b942f5a5eadb5b90df av_one_fourth  avia-builder-el-12  el_after_av_one_full  el_before_av_one_fourth  first flex_column_div av-zero-column-padding  column-top-margin'     ><section  class='av_textblock_section av-8tw0uq-4bf0762977e21c7e5eb5692d4a448e9b '   itemscope=\"itemscope\" itemtype=\"https:\/\/schema.org\/CreativeWork\" ><div class='avia_textblock'  itemprop=\"text\" ><p><strong>Hotel Parnass<\/strong><\/p>\n<p>Adeel M. Hashmi<br \/>\nAnita Noll<\/p>\n<\/div><\/section><\/div>\n<style type=\"text\/css\" data-created_by=\"avia_inline_auto\" id=\"style-css-av-7430jm-d5e3f62f7b4be5c3f38d2afd162bbe81\">\n.flex_column.av-7430jm-d5e3f62f7b4be5c3f38d2afd162bbe81{\nborder-radius:0px 0px 0px 0px;\npadding:0px 0px 0px 0px;\n}\n<\/style>\n<div  class='flex_column av-7430jm-d5e3f62f7b4be5c3f38d2afd162bbe81 av_one_fourth  avia-builder-el-14  el_after_av_one_fourth  el_before_av_one_fourth  flex_column_div av-zero-column-padding  column-top-margin'     ><section  class='av_textblock_section av-5u8myq-754d8084c698272b16d1cb3260590b84 '   itemscope=\"itemscope\" itemtype=\"https:\/\/schema.org\/CreativeWork\" ><div class='avia_textblock'  itemprop=\"text\" ><p><strong>Traduzione<\/strong><\/p>\n<p><a href=\"https:\/\/deepl.com\" target=\"_blank\" rel=\"noopener\">deepl.com<\/a><\/p>\n<\/div><\/section><\/div>\n<style type=\"text\/css\" data-created_by=\"avia_inline_auto\" id=\"style-css-av-4pb34i-c2ccf7508b53acfd64c6834bfda04ba9\">\n.flex_column.av-4pb34i-c2ccf7508b53acfd64c6834bfda04ba9{\nborder-radius:0px 0px 0px 0px;\npadding:0px 0px 0px 0px;\n}\n<\/style>\n<div  class='flex_column av-4pb34i-c2ccf7508b53acfd64c6834bfda04ba9 av_one_fourth  avia-builder-el-16  el_after_av_one_fourth  el_before_av_one_fourth  flex_column_div av-zero-column-padding  column-top-margin'     ><section  class='av_textblock_section av-k34d7cnd-bdee6025b1344c12cc6948a89143a88c '   itemscope=\"itemscope\" itemtype=\"https:\/\/schema.org\/CreativeWork\" ><div class='avia_textblock'  itemprop=\"text\" ><p><b>Redazione<\/b><\/p>\n<p><a href=\"https:\/\/arteskulturtechnologie.ch\" target=\"_blank\" rel=\"noopener\">artes kulturtechnologie<\/a><br \/>\nCinzia Conti<br \/>\n<a href=\"https:\/\/www.kalbermatten.swiss\/\" target=\"_blank\" rel=\"noopener\">kalbermatten.swiss<\/a><\/p>\n<\/div><\/section><\/div>\n<style type=\"text\/css\" data-created_by=\"avia_inline_auto\" id=\"style-css-av-ahhsi-d7ccce9df52e6bf504fe0c749045472b\">\n.flex_column.av-ahhsi-d7ccce9df52e6bf504fe0c749045472b{\nborder-radius:0px 0px 0px 0px;\npadding:0px 0px 0px 0px;\n}\n<\/style>\n<div  class='flex_column av-ahhsi-d7ccce9df52e6bf504fe0c749045472b av_one_fourth  avia-builder-el-18  el_after_av_one_fourth  avia-builder-el-last  flex_column_div av-zero-column-padding  column-top-margin'     ><section  class='av_textblock_section av-k34d7pxy-f97f180593aa04885c3f3aaf8b555cb3 '   itemscope=\"itemscope\" itemtype=\"https:\/\/schema.org\/CreativeWork\" ><div class='avia_textblock'  itemprop=\"text\" ><p><b>Fotografia<\/b><\/p>\n<p>Martin Libeck<br \/>\nFredrik Schenholm<br \/>\nMichael Portmann<br \/>\nKurt M\u00fcller<br \/>\nLeander Wenger<br \/>\nPascal Gertschen<br \/>\nAir Zermatt<br \/>\nAircam Zermatt<br \/>\nGornergrat Bahn<br \/>\nRestaurant Blue Lounge<\/p>\n<\/div><\/section><\/div><\/div><\/div><\/main><!-- close content main element --><\/div><\/div><div id='after_section_1'  class='main_color av_default_container_wrap container_wrap sidebar_left'  ><div class='container av-section-cont-open' ><div class='template-page content  av-content-small units'><div class='post-entry post-entry-type-page post-entry-2370'><div class='entry-content-wrapper clearfix'>\n","protected":false},"excerpt":{"rendered":"","protected":false},"author":1213,"featured_media":0,"parent":0,"menu_order":61,"comment_status":"closed","ping_status":"closed","template":"","meta":{"footnotes":""},"class_list":["post-2370","page","type-page","status-publish","hentry"],"yoast_head":"<!-- This site is optimized with the Yoast SEO plugin v24.5 - https:\/\/yoast.com\/wordpress\/plugins\/seo\/ -->\n<title>Informazioni legali - Hotel Parnass Zermatt<\/title>\n<meta name=\"robots\" content=\"index, follow, max-snippet:-1, max-image-preview:large, max-video-preview:-1\" \/>\n<link rel=\"canonical\" href=\"https:\/\/parnass-zermatt.ch\/it\/informazioni-legali\/\" \/>\n<meta property=\"og:locale\" content=\"it_IT\" \/>\n<meta property=\"og:type\" content=\"article\" \/>\n<meta property=\"og:title\" content=\"Informazioni legali - Hotel Parnass Zermatt\" \/>\n<meta property=\"og:url\" content=\"https:\/\/parnass-zermatt.ch\/it\/informazioni-legali\/\" \/>\n<meta property=\"og:site_name\" content=\"Hotel Parnass Zermatt\" \/>\n<meta property=\"article:modified_time\" content=\"2025-03-27T13:41:23+00:00\" \/>\n<meta name=\"twitter:card\" content=\"summary_large_image\" \/>\n<meta name=\"twitter:label1\" content=\"Tempo di lettura stimato\" \/>\n\t<meta name=\"twitter:data1\" content=\"3 minuti\" \/>\n<script type=\"application\/ld+json\" class=\"yoast-schema-graph\">{\"@context\":\"https:\/\/schema.org\",\"@graph\":[{\"@type\":\"WebPage\",\"@id\":\"https:\/\/parnass-zermatt.ch\/it\/informazioni-legali\/\",\"url\":\"https:\/\/parnass-zermatt.ch\/it\/informazioni-legali\/\",\"name\":\"Informazioni legali - Hotel Parnass Zermatt\",\"isPartOf\":{\"@id\":\"https:\/\/parnass-zermatt.ch\/it\/#website\"},\"datePublished\":\"2017-06-29T13:27:01+00:00\",\"dateModified\":\"2025-03-27T13:41:23+00:00\",\"breadcrumb\":{\"@id\":\"https:\/\/parnass-zermatt.ch\/it\/informazioni-legali\/#breadcrumb\"},\"inLanguage\":\"it-IT\",\"potentialAction\":[{\"@type\":\"ReadAction\",\"target\":[\"https:\/\/parnass-zermatt.ch\/it\/informazioni-legali\/\"]}]},{\"@type\":\"BreadcrumbList\",\"@id\":\"https:\/\/parnass-zermatt.ch\/it\/informazioni-legali\/#breadcrumb\",\"itemListElement\":[{\"@type\":\"ListItem\",\"position\":1,\"name\":\"Startseite\",\"item\":\"https:\/\/parnass-zermatt.ch\/it\/\"},{\"@type\":\"ListItem\",\"position\":2,\"name\":\"Informazioni legali\"}]},{\"@type\":\"WebSite\",\"@id\":\"https:\/\/parnass-zermatt.ch\/it\/#website\",\"url\":\"https:\/\/parnass-zermatt.ch\/it\/\",\"name\":\"Hotel Parnass Zermatt\",\"description\":\"Vacanze da sogno a Zermatt\",\"potentialAction\":[{\"@type\":\"SearchAction\",\"target\":{\"@type\":\"EntryPoint\",\"urlTemplate\":\"https:\/\/parnass-zermatt.ch\/it\/?s={search_term_string}\"},\"query-input\":{\"@type\":\"PropertyValueSpecification\",\"valueRequired\":true,\"valueName\":\"search_term_string\"}}],\"inLanguage\":\"it-IT\"}]}<\/script>\n<!-- \/ Yoast SEO plugin. -->","yoast_head_json":{"title":"Informazioni legali - Hotel Parnass Zermatt","robots":{"index":"index","follow":"follow","max-snippet":"max-snippet:-1","max-image-preview":"max-image-preview:large","max-video-preview":"max-video-preview:-1"},"canonical":"https:\/\/parnass-zermatt.ch\/it\/informazioni-legali\/","og_locale":"it_IT","og_type":"article","og_title":"Informazioni legali - Hotel Parnass Zermatt","og_url":"https:\/\/parnass-zermatt.ch\/it\/informazioni-legali\/","og_site_name":"Hotel Parnass Zermatt","article_modified_time":"2025-03-27T13:41:23+00:00","twitter_card":"summary_large_image","twitter_misc":{"Tempo di lettura stimato":"3 minuti"},"schema":{"@context":"https:\/\/schema.org","@graph":[{"@type":"WebPage","@id":"https:\/\/parnass-zermatt.ch\/it\/informazioni-legali\/","url":"https:\/\/parnass-zermatt.ch\/it\/informazioni-legali\/","name":"Informazioni legali - Hotel Parnass Zermatt","isPartOf":{"@id":"https:\/\/parnass-zermatt.ch\/it\/#website"},"datePublished":"2017-06-29T13:27:01+00:00","dateModified":"2025-03-27T13:41:23+00:00","breadcrumb":{"@id":"https:\/\/parnass-zermatt.ch\/it\/informazioni-legali\/#breadcrumb"},"inLanguage":"it-IT","potentialAction":[{"@type":"ReadAction","target":["https:\/\/parnass-zermatt.ch\/it\/informazioni-legali\/"]}]},{"@type":"BreadcrumbList","@id":"https:\/\/parnass-zermatt.ch\/it\/informazioni-legali\/#breadcrumb","itemListElement":[{"@type":"ListItem","position":1,"name":"Startseite","item":"https:\/\/parnass-zermatt.ch\/it\/"},{"@type":"ListItem","position":2,"name":"Informazioni legali"}]},{"@type":"WebSite","@id":"https:\/\/parnass-zermatt.ch\/it\/#website","url":"https:\/\/parnass-zermatt.ch\/it\/","name":"Hotel Parnass Zermatt","description":"Vacanze da sogno a Zermatt","potentialAction":[{"@type":"SearchAction","target":{"@type":"EntryPoint","urlTemplate":"https:\/\/parnass-zermatt.ch\/it\/?s={search_term_string}"},"query-input":{"@type":"PropertyValueSpecification","valueRequired":true,"valueName":"search_term_string"}}],"inLanguage":"it-IT"}]}},"publishpress_future_action":{"enabled":false,"date":"2026-04-26 14:44:16","action":"change-status","newStatus":"draft","terms":[],"taxonomy":"translation_priority"},"_links":{"self":[{"href":"https:\/\/parnass-zermatt.ch\/it\/wp-json\/wp\/v2\/pages\/2370","targetHints":{"allow":["GET"]}}],"collection":[{"href":"https:\/\/parnass-zermatt.ch\/it\/wp-json\/wp\/v2\/pages"}],"about":[{"href":"https:\/\/parnass-zermatt.ch\/it\/wp-json\/wp\/v2\/types\/page"}],"author":[{"embeddable":true,"href":"https:\/\/parnass-zermatt.ch\/it\/wp-json\/wp\/v2\/users\/1213"}],"replies":[{"embeddable":true,"href":"https:\/\/parnass-zermatt.ch\/it\/wp-json\/wp\/v2\/comments?post=2370"}],"version-history":[{"count":23,"href":"https:\/\/parnass-zermatt.ch\/it\/wp-json\/wp\/v2\/pages\/2370\/revisions"}],"predecessor-version":[{"id":7360,"href":"https:\/\/parnass-zermatt.ch\/it\/wp-json\/wp\/v2\/pages\/2370\/revisions\/7360"}],"wp:attachment":[{"href":"https:\/\/parnass-zermatt.ch\/it\/wp-json\/wp\/v2\/media?parent=2370"}],"curies":[{"name":"wp","href":"https:\/\/api.w.org\/{rel}","templated":true}]}}